{"id":338,"date":"2024-02-19T20:33:43","date_gmt":"2024-02-19T20:33:43","guid":{"rendered":"https:\/\/algoritmoweb.com\/psoluciones\/?page_id=338"},"modified":"2025-11-26T17:28:38","modified_gmt":"2025-11-26T17:28:38","slug":"contenedores-colapsables-ropak-seminuevos","status":"publish","type":"page","link":"https:\/\/contenedoresindustriales.com.mx\/en\/contenedores-colapsables-ropak-seminuevos\/","title":{"rendered":"Collapsible Containers\nRopak Semi-New"},"content":{"rendered":"<div data-elementor-type=\"wp-page\" data-elementor-id=\"338\" class=\"elementor elementor-338\" data-elementor-post-type=\"page\">\n\t\t\t\t<div class=\"elementor-element elementor-element-90e1ca3 e-flex e-con-boxed elementor-invisible e-con e-parent\" data-id=\"90e1ca3\" data-element_type=\"container\" data-e-type=\"container\" data-settings=\"{&quot;background_background&quot;:&quot;classic&quot;,&quot;shape_divider_bottom&quot;:&quot;mountains&quot;,&quot;animation&quot;:&quot;fadeIn&quot;}\">\n\t\t\t\t\t<div class=\"e-con-inner\">\n\t\t\t\t<div class=\"elementor-shape elementor-shape-bottom\" aria-hidden=\"true\" data-negative=\"false\">\n\t\t\t<svg xmlns=\"http:\/\/www.w3.org\/2000\/svg\" viewbox=\"0 0 1000 100\" preserveaspectratio=\"none\">\n\t<path class=\"elementor-shape-fill\" opacity=\"0.33\" d=\"M473,67.3c-203.9,88.3-263.1-34-320.3,0C66,119.1,0,59.7,0,59.7V0h1000v59.7 c0,0-62.1,26.1-94.9,29.3c-32.8,3.3-62.8-12.3-75.8-22.1C806,49.6,745.3,8.7,694.9,4.7S492.4,59,473,67.3z\"\/>\n\t<path class=\"elementor-shape-fill\" opacity=\"0.66\" d=\"M734,67.3c-45.5,0-77.2-23.2-129.1-39.1c-28.6-8.7-150.3-10.1-254,39.1 s-91.7-34.4-149.2,0C115.7,118.3,0,39.8,0,39.8V0h1000v36.5c0,0-28.2-18.5-92.1-18.5C810.2,18.1,775.7,67.3,734,67.3z\"\/>\n\t<path class=\"elementor-shape-fill\" d=\"M766.1,28.9c-200-57.5-266,65.5-395.1,19.5C242,1.8,242,5.4,184.8,20.6C128,35.8,132.3,44.9,89.9,52.5C28.6,63.7,0,0,0,0 h1000c0,0-9.9,40.9-83.6,48.1S829.6,47,766.1,28.9z\"\/>\n<\/svg>\t\t<\/div>\n\t\t<div class=\"elementor-element elementor-element-62337d7 e-con-full e-flex e-con e-child\" data-id=\"62337d7\" data-element_type=\"container\" data-e-type=\"container\">\n\t\t\t\t<div class=\"elementor-element elementor-element-2e6fc7b elementor-widget__width-initial elementor-widget-tablet__width-initial elementor-invisible elementor-widget elementor-widget-image\" data-id=\"2e6fc7b\" data-element_type=\"widget\" data-e-type=\"widget\" data-settings=\"{&quot;_animation&quot;:&quot;fadeInUp&quot;,&quot;_animation_delay&quot;:400}\" data-widget_type=\"image.default\">\n\t\t\t\t\t\t\t\t\t\t\t\t\t\t\t<img fetchpriority=\"high\" decoding=\"async\" width=\"2560\" height=\"1707\" src=\"https:\/\/contenedoresindustriales.com.mx\/wp-content\/uploads\/2025\/05\/JOS03930-scaled.webp\" class=\"attachment-full size-full wp-image-1086\" alt=\"contenedores de pl\u00e1stico colapsables en Quer\u00e9taro\" srcset=\"https:\/\/contenedoresindustriales.com.mx\/wp-content\/uploads\/2025\/05\/JOS03930-scaled.webp 2560w, https:\/\/contenedoresindustriales.com.mx\/wp-content\/uploads\/2025\/05\/JOS03930-300x200.webp 300w, https:\/\/contenedoresindustriales.com.mx\/wp-content\/uploads\/2025\/05\/JOS03930-1024x683.webp 1024w, https:\/\/contenedoresindustriales.com.mx\/wp-content\/uploads\/2025\/05\/JOS03930-768x512.webp 768w, https:\/\/contenedoresindustriales.com.mx\/wp-content\/uploads\/2025\/05\/JOS03930-1536x1024.webp 1536w, https:\/\/contenedoresindustriales.com.mx\/wp-content\/uploads\/2025\/05\/JOS03930-2048x1365.webp 2048w\" sizes=\"(max-width: 2560px) 100vw, 2560px\" \/>\t\t\t\t\t\t\t\t\t\t\t\t\t\t\t<\/div>\n\t\t\t\t<\/div>\n\t\t<div class=\"elementor-element elementor-element-cc0c330 e-con-full e-flex e-con e-child\" data-id=\"cc0c330\" data-element_type=\"container\" data-e-type=\"container\">\n\t\t\t\t<div class=\"elementor-element elementor-element-5e7f8b7 elementor-invisible elementor-widget elementor-widget-heading\" data-id=\"5e7f8b7\" data-element_type=\"widget\" data-e-type=\"widget\" data-settings=\"{&quot;_animation&quot;:&quot;fadeInUp&quot;}\" data-widget_type=\"heading.default\">\n\t\t\t\t\t<h1 class=\"elementor-heading-title elementor-size-default\">Contenedores de Pl\u00e1stico Colapsables en Quer\u00e9taro: venta, renta mensual o anual y reparaci\u00f3n especializada.<\/h1>\t\t\t\t<\/div>\n\t\t\t\t<div class=\"elementor-element elementor-element-b8ae163 elementor-align-right elementor-widget elementor-widget-button\" data-id=\"b8ae163\" data-element_type=\"widget\" data-e-type=\"widget\" data-widget_type=\"button.default\">\n\t\t\t\t\t\t\t\t\t\t<a class=\"elementor-button elementor-button-link elementor-size-sm elementor-animation-shrink\" href=\"#elementor-action%3Aaction%3Dpopup%3Aopen%26settings%3DeyJpZCI6IjIwNyIsInRvZ2dsZSI6ZmFsc2V9\" elementor-template=\"\" id=\"cotizar\">\n\t\t\t\t\t\t<span class=\"elementor-button-content-wrapper\">\n\t\t\t\t\t\t\t\t\t<span class=\"elementor-button-text\">Request Catalog<\/span>\n\t\t\t\t\t<\/span>\n\t\t\t\t\t<\/a>\n\t\t\t\t\t\t\t\t<\/div>\n\t\t\t\t<\/div>\n\t\t\t\t\t<\/div>\n\t\t\t\t<\/div>\n\t\t<div class=\"elementor-element elementor-element-2a7610e e-flex e-con-boxed e-con e-parent\" data-id=\"2a7610e\" data-element_type=\"container\" data-e-type=\"container\">\n\t\t\t\t\t<div class=\"e-con-inner\">\n\t\t\t\t<div class=\"elementor-element elementor-element-1764705 elementor-widget elementor-widget-heading\" data-id=\"1764705\" data-element_type=\"widget\" data-e-type=\"widget\" data-widget_type=\"heading.default\">\n\t\t\t\t\t<h2 class=\"elementor-heading-title elementor-size-default\">ROPAK Collapsible Plastic Containers for Industrial Use<\/h2>\t\t\t\t<\/div>\n\t\t\t\t<div class=\"elementor-element elementor-element-cdefd32 elementor-widget elementor-widget-text-editor\" data-id=\"cdefd32\" data-element_type=\"widget\" data-e-type=\"widget\" data-widget_type=\"text-editor.default\">\n\t\t\t\t\t\t\t\t\t<p data-start=\"507\" data-end=\"848\">Los <strong data-start=\"511\" data-end=\"564\">contenedores de pl\u00e1stico colapsables en Quer\u00e9taro<\/strong> son la opci\u00f3n m\u00e1s pr\u00e1ctica y eficiente para optimizar el espacio en <strong data-start=\"633\" data-end=\"684\">almacenes, transporte y centros de distribuci\u00f3n<\/strong>. Su dise\u00f1o plegable permite <strong data-start=\"713\" data-end=\"749\">reducir hasta un 70 % el volumen<\/strong> cuando est\u00e1n vac\u00edos, lo que mejora la log\u00edstica y reduce los costos de almacenamiento y retorno.<\/p><p data-start=\"850\" data-end=\"1072\">Fabricados con materiales de alta resistencia, estos <strong data-start=\"903\" data-end=\"938\">contenedores industriales Ropak<\/strong> destacan por su <strong data-start=\"955\" data-end=\"1007\">durabilidad, f\u00e1cil limpieza y bajo mantenimiento<\/strong>, garantizando un uso prolongado incluso en entornos exigentes.<\/p><p data-start=\"1074\" data-end=\"1270\">Su aplicaci\u00f3n es ideal en <strong data-start=\"1100\" data-end=\"1184\">sectores como el automotriz, alimentario, agr\u00edcola, farmac\u00e9utico y manufacturero<\/strong>, donde se requiere eficiencia, seguridad y organizaci\u00f3n en el manejo de materiales.<\/p><p data-start=\"1272\" data-end=\"1531\">Adem\u00e1s de ser <strong data-start=\"1286\" data-end=\"1317\">reutilizables y reciclables<\/strong>, los contenedores colapsables representan una <strong data-start=\"1364\" data-end=\"1391\">alternativa sustentable<\/strong> frente a los empaques desechables, contribuyendo a una log\u00edstica m\u00e1s ecol\u00f3gica y alineada con los principios de la <strong data-start=\"1507\" data-end=\"1528\">econom\u00eda circular<\/strong>.<\/p><p data-start=\"1533\" data-end=\"1842\">Con los <strong data-start=\"1541\" data-end=\"1581\">contenedores de pl\u00e1stico colapsables<\/strong>, tu empresa obtiene <strong data-start=\"1602\" data-end=\"1690\">ahorro de espacio, reducci\u00f3n de costos operativos y mayor seguridad en el transporte<\/strong> de materiales. Una <strong data-start=\"1710\" data-end=\"1741\">soluci\u00f3n log\u00edstica integral<\/strong> pensada para empresas en <strong data-start=\"1767\" data-end=\"1794\">Quer\u00e9taro y alrededores<\/strong> que buscan eficiencia y compromiso ambiental.<\/p>\t\t\t\t\t\t\t\t<\/div>\n\t\t\t\t\t<\/div>\n\t\t\t\t<\/div>\n\t\t<div class=\"elementor-element elementor-element-34732849 e-flex e-con-boxed elementor-invisible e-con e-parent\" data-id=\"34732849\" data-element_type=\"container\" data-e-type=\"container\" data-settings=\"{&quot;background_background&quot;:&quot;classic&quot;,&quot;animation&quot;:&quot;fadeIn&quot;}\">\n\t\t\t\t\t<div class=\"e-con-inner\">\n\t\t<div class=\"elementor-element elementor-element-6af77a9 e-con-full e-flex e-con e-child\" data-id=\"6af77a9\" data-element_type=\"container\" data-e-type=\"container\">\n\t\t<div class=\"elementor-element elementor-element-4fcb0ea9 e-con-full e-flex e-con e-child\" data-id=\"4fcb0ea9\" data-element_type=\"container\" data-e-type=\"container\">\n\t\t<div class=\"elementor-element elementor-element-37084c22 e-con-full e-flex elementor-invisible e-con e-child\" data-id=\"37084c22\" data-element_type=\"container\" data-e-type=\"container\" data-settings=\"{&quot;background_background&quot;:&quot;gradient&quot;,&quot;animation&quot;:&quot;fadeInUp&quot;,&quot;animation_delay&quot;:200}\">\n\t\t\t\t<div class=\"elementor-element elementor-element-7dceacb elementor-widget__width-initial elementor-widget elementor-widget-image\" data-id=\"7dceacb\" data-element_type=\"widget\" data-e-type=\"widget\" data-widget_type=\"image.default\">\n\t\t\t\t\t\t\t\t\t\t\t\t\t\t\t<img decoding=\"async\" width=\"300\" height=\"291\" src=\"https:\/\/contenedoresindustriales.com.mx\/wp-content\/uploads\/2024\/02\/CONTENEDOR_SEMINUEVO_MEDIDA_30x32x34PULGADAS-300x291.webp\" class=\"attachment-medium size-medium wp-image-58\" alt=\"Venta, renta y mantenimiento de contenedores abatibles \/ colapsables (ROPAK)\" srcset=\"https:\/\/contenedoresindustriales.com.mx\/wp-content\/uploads\/2024\/02\/CONTENEDOR_SEMINUEVO_MEDIDA_30x32x34PULGADAS-300x291.webp 300w, https:\/\/contenedoresindustriales.com.mx\/wp-content\/uploads\/2024\/02\/CONTENEDOR_SEMINUEVO_MEDIDA_30x32x34PULGADAS.webp 305w\" sizes=\"(max-width: 300px) 100vw, 300px\" \/>\t\t\t\t\t\t\t\t\t\t\t\t\t\t\t<\/div>\n\t\t\t\t<div class=\"elementor-element elementor-element-644461cd elementor-widget elementor-widget-heading\" data-id=\"644461cd\" data-element_type=\"widget\" data-e-type=\"widget\" data-widget_type=\"heading.default\">\n\t\t\t\t\t<h4 class=\"elementor-heading-title elementor-size-default\">MEASUREMENTS 30x32x34 INCHES<\/h4>\t\t\t\t<\/div>\n\t\t\t\t<div class=\"elementor-element elementor-element-4c615c26 elementor-widget elementor-widget-heading\" data-id=\"4c615c26\" data-element_type=\"widget\" data-e-type=\"widget\" data-widget_type=\"heading.default\">\n\t\t\t\t\t<span class=\"elementor-heading-title elementor-size-default\">Structural foam molded in high-density polyethylene.<\/span>\t\t\t\t<\/div>\n\t\t\t\t<div class=\"elementor-element elementor-element-33ed78b7 elementor-widget elementor-widget-heading\" data-id=\"33ed78b7\" data-element_type=\"widget\" data-e-type=\"widget\" data-widget_type=\"heading.default\">\n\t\t\t\t\t<span class=\"elementor-heading-title elementor-size-default\">Popular Applications: Automotive components, bearings, hardware, industrial equipment, metal parts, plastic and rubber parts, resins, powders, and tools.<\/span>\t\t\t\t<\/div>\n\t\t\t\t<\/div>\n\t\t<div class=\"elementor-element elementor-element-5f680a8a e-con-full e-flex elementor-invisible e-con e-child\" data-id=\"5f680a8a\" data-element_type=\"container\" data-e-type=\"container\" data-settings=\"{&quot;background_background&quot;:&quot;classic&quot;,&quot;animation&quot;:&quot;fadeInUp&quot;,&quot;animation_delay&quot;:400}\">\n\t\t\t\t<div class=\"elementor-element elementor-element-176b80e7 elementor-widget elementor-widget-image\" data-id=\"176b80e7\" data-element_type=\"widget\" data-e-type=\"widget\" data-widget_type=\"image.default\">\n\t\t\t\t\t\t\t\t\t\t\t\t\t\t\t<img decoding=\"async\" width=\"240\" height=\"136\" src=\"https:\/\/contenedoresindustriales.com.mx\/wp-content\/uploads\/2024\/02\/CONTENEDOR-SEMINUEVO_MEDIDA_45x48x25PULGADAS-e1749069587912.webp\" class=\"attachment-medium size-medium wp-image-57\" alt=\"Venta, renta y mantenimiento de contenedores abatibles colapsables ROPAK\" srcset=\"https:\/\/contenedoresindustriales.com.mx\/wp-content\/uploads\/2024\/02\/CONTENEDOR-SEMINUEVO_MEDIDA_45x48x25PULGADAS-e1749069587912.webp 240w, https:\/\/contenedoresindustriales.com.mx\/wp-content\/uploads\/2024\/02\/CONTENEDOR-SEMINUEVO_MEDIDA_45x48x25PULGADAS-e1749069587912-18x10.webp 18w\" sizes=\"(max-width: 240px) 100vw, 240px\" \/>\t\t\t\t\t\t\t\t\t\t\t\t\t\t\t<\/div>\n\t\t\t\t<div class=\"elementor-element elementor-element-7a348374 elementor-widget elementor-widget-heading\" data-id=\"7a348374\" data-element_type=\"widget\" data-e-type=\"widget\" data-widget_type=\"heading.default\">\n\t\t\t\t\t<h4 class=\"elementor-heading-title elementor-size-default\">MEASUREMENT 45\"X48\"X 25\" INCHES<\/h4>\t\t\t\t<\/div>\n\t\t\t\t<div class=\"elementor-element elementor-element-6e64856c elementor-widget elementor-widget-heading\" data-id=\"6e64856c\" data-element_type=\"widget\" data-e-type=\"widget\" data-widget_type=\"heading.default\">\n\t\t\t\t\t<span class=\"elementor-heading-title elementor-size-default\">Structural foam molded in high-density polyethylene.<\/span>\t\t\t\t<\/div>\n\t\t\t\t<div class=\"elementor-element elementor-element-44d6f840 elementor-widget elementor-widget-heading\" data-id=\"44d6f840\" data-element_type=\"widget\" data-e-type=\"widget\" data-widget_type=\"heading.default\">\n\t\t\t\t\t<span class=\"elementor-heading-title elementor-size-default\">Popular applications: Automotive, household appliances and transportation equipment.<\/span>\t\t\t\t<\/div>\n\t\t\t\t<\/div>\n\t\t<div class=\"elementor-element elementor-element-dc2f1d0 e-con-full e-flex elementor-invisible e-con e-child\" data-id=\"dc2f1d0\" data-element_type=\"container\" data-e-type=\"container\" data-settings=\"{&quot;background_background&quot;:&quot;classic&quot;,&quot;animation&quot;:&quot;fadeInUp&quot;,&quot;animation_delay&quot;:400}\">\n\t\t\t\t<div class=\"elementor-element elementor-element-802bf84 elementor-widget elementor-widget-image\" data-id=\"802bf84\" data-element_type=\"widget\" data-e-type=\"widget\" data-widget_type=\"image.default\">\n\t\t\t\t\t\t\t\t\t\t\t\t\t\t\t<img loading=\"lazy\" decoding=\"async\" width=\"300\" height=\"230\" src=\"https:\/\/contenedoresindustriales.com.mx\/wp-content\/uploads\/2024\/08\/contenedor-6-e1749148240708-300x230.jpg\" class=\"attachment-medium size-medium wp-image-830\" alt=\"Contenedor colapsable Ropak utilizado para almacenamiento de autopartes y componentes met\u00e1licos.\" srcset=\"https:\/\/contenedoresindustriales.com.mx\/wp-content\/uploads\/2024\/08\/contenedor-6-e1749148240708-300x230.jpg 300w, https:\/\/contenedoresindustriales.com.mx\/wp-content\/uploads\/2024\/08\/contenedor-6-e1749148240708-16x12.jpg 16w\" sizes=\"(max-width: 300px) 100vw, 300px\" \/>\t\t\t\t\t\t\t\t\t\t\t\t\t\t\t<\/div>\n\t\t\t\t<div class=\"elementor-element elementor-element-255a98f elementor-widget elementor-widget-heading\" data-id=\"255a98f\" data-element_type=\"widget\" data-e-type=\"widget\" data-widget_type=\"heading.default\">\n\t\t\t\t\t<h4 class=\"elementor-heading-title elementor-size-default\">MEASUREMENTS 45\u201dx48\u201dx34\u201d INCHES<\/h4>\t\t\t\t<\/div>\n\t\t\t\t<div class=\"elementor-element elementor-element-88fcdf1 elementor-widget elementor-widget-heading\" data-id=\"88fcdf1\" data-element_type=\"widget\" data-e-type=\"widget\" data-widget_type=\"heading.default\">\n\t\t\t\t\t<span class=\"elementor-heading-title elementor-size-default\">Molded structural foam in high-density polyethylene\n<\/span>\t\t\t\t<\/div>\n\t\t\t\t<div class=\"elementor-element elementor-element-5aaa34a elementor-widget elementor-widget-heading\" data-id=\"5aaa34a\" data-element_type=\"widget\" data-e-type=\"widget\" data-widget_type=\"heading.default\">\n\t\t\t\t\t<span class=\"elementor-heading-title elementor-size-default\">Popular Applications: Automotive, household appliances, and transportation equipment<\/span>\t\t\t\t<\/div>\n\t\t\t\t<\/div>\n\t\t\t\t<\/div>\n\t\t<div class=\"elementor-element elementor-element-5b5d623 e-con-full e-flex e-con e-child\" data-id=\"5b5d623\" data-element_type=\"container\" data-e-type=\"container\">\n\t\t<div class=\"elementor-element elementor-element-b8d0f9e e-con-full e-flex elementor-invisible e-con e-child\" data-id=\"b8d0f9e\" data-element_type=\"container\" data-e-type=\"container\" data-settings=\"{&quot;background_background&quot;:&quot;gradient&quot;,&quot;animation&quot;:&quot;fadeInUp&quot;,&quot;animation_delay&quot;:200}\">\n\t\t\t\t<div class=\"elementor-element elementor-element-4d57815 elementor-widget__width-initial elementor-widget-tablet__width-initial elementor-widget elementor-widget-image\" data-id=\"4d57815\" data-element_type=\"widget\" data-e-type=\"widget\" data-widget_type=\"image.default\">\n\t\t\t\t\t\t\t\t\t\t\t\t\t\t\t<img loading=\"lazy\" decoding=\"async\" width=\"300\" height=\"278\" src=\"https:\/\/contenedoresindustriales.com.mx\/wp-content\/uploads\/2024\/02\/CONTENEDOR-SEMINUEVO-MEDIDA-45x48x42PULGADAS-e1749148682619.webp\" class=\"attachment-full size-full wp-image-56\" alt=\"Venta, renta y mantenimiento de contenedores abatibles \/ colapsables (ROPAK)\" \/>\t\t\t\t\t\t\t\t\t\t\t\t\t\t\t<\/div>\n\t\t\t\t<div class=\"elementor-element elementor-element-22d283a elementor-widget elementor-widget-heading\" data-id=\"22d283a\" data-element_type=\"widget\" data-e-type=\"widget\" data-widget_type=\"heading.default\">\n\t\t\t\t\t<h4 class=\"elementor-heading-title elementor-size-default\">MEASUREMENT 45\"X48\"X 25\" INCHES<\/h4>\t\t\t\t<\/div>\n\t\t\t\t<div class=\"elementor-element elementor-element-37f1069 elementor-widget elementor-widget-heading\" data-id=\"37f1069\" data-element_type=\"widget\" data-e-type=\"widget\" data-widget_type=\"heading.default\">\n\t\t\t\t\t<span class=\"elementor-heading-title elementor-size-default\">Molded structural foam in high-density polyethylene<\/span>\t\t\t\t<\/div>\n\t\t\t\t<div class=\"elementor-element elementor-element-aaf82eb elementor-widget elementor-widget-heading\" data-id=\"aaf82eb\" data-element_type=\"widget\" data-e-type=\"widget\" data-widget_type=\"heading.default\">\n\t\t\t\t\t<span class=\"elementor-heading-title elementor-size-default\">Popular Applications: Automotive components, bearings, hardware, industrial equipment, metal parts, plastic and rubber parts, resins, powders, and tools.<\/span>\t\t\t\t<\/div>\n\t\t\t\t<\/div>\n\t\t<div class=\"elementor-element elementor-element-2706697 e-con-full e-flex elementor-invisible e-con e-child\" data-id=\"2706697\" data-element_type=\"container\" data-e-type=\"container\" data-settings=\"{&quot;background_background&quot;:&quot;classic&quot;,&quot;animation&quot;:&quot;fadeInUp&quot;,&quot;animation_delay&quot;:400}\">\n\t\t\t\t<div class=\"elementor-element elementor-element-d64fd6b elementor-widget__width-initial elementor-widget-tablet__width-initial elementor-widget elementor-widget-image\" data-id=\"d64fd6b\" data-element_type=\"widget\" data-e-type=\"widget\" data-widget_type=\"image.default\">\n\t\t\t\t\t\t\t\t\t\t\t\t\t\t\t<img loading=\"lazy\" decoding=\"async\" width=\"300\" height=\"290\" src=\"https:\/\/contenedoresindustriales.com.mx\/wp-content\/uploads\/2024\/02\/CONTENEDOR-SEMINUEVO-MEDIDA-45x48x50PULGADAS-300x290.webp\" class=\"attachment-medium size-medium wp-image-54\" alt=\"Venta, renta y mantenimiento de contenedores abatibles \/ colapsables (ROPAK)\" \/>\t\t\t\t\t\t\t\t\t\t\t\t\t\t\t<\/div>\n\t\t\t\t<div class=\"elementor-element elementor-element-4d38f17 elementor-widget elementor-widget-heading\" data-id=\"4d38f17\" data-element_type=\"widget\" data-e-type=\"widget\" data-widget_type=\"heading.default\">\n\t\t\t\t\t<h4 class=\"elementor-heading-title elementor-size-default\">MEDIDAS 45\u201dx48\u201dx50\u201d PULGADAS<\/h4>\t\t\t\t<\/div>\n\t\t\t\t<div class=\"elementor-element elementor-element-370e584 elementor-widget elementor-widget-heading\" data-id=\"370e584\" data-element_type=\"widget\" data-e-type=\"widget\" data-widget_type=\"heading.default\">\n\t\t\t\t\t<span class=\"elementor-heading-title elementor-size-default\">Molded structural foam in high-density polyethylene<\/span>\t\t\t\t<\/div>\n\t\t\t\t<div class=\"elementor-element elementor-element-cf74976 elementor-widget elementor-widget-heading\" data-id=\"cf74976\" data-element_type=\"widget\" data-e-type=\"widget\" data-widget_type=\"heading.default\">\n\t\t\t\t\t<span class=\"elementor-heading-title elementor-size-default\">Popular applications: Automotive, household appliances and transportation equipment.<\/span>\t\t\t\t<\/div>\n\t\t\t\t<\/div>\n\t\t<div class=\"elementor-element elementor-element-895d4c4 e-con-full e-flex elementor-invisible e-con e-child\" data-id=\"895d4c4\" data-element_type=\"container\" data-e-type=\"container\" data-settings=\"{&quot;background_background&quot;:&quot;classic&quot;,&quot;animation&quot;:&quot;fadeInUp&quot;,&quot;animation_delay&quot;:400}\">\n\t\t\t\t<div class=\"elementor-element elementor-element-f1e2805 elementor-widget__width-initial elementor-widget-tablet__width-initial elementor-widget elementor-widget-image\" data-id=\"f1e2805\" data-element_type=\"widget\" data-e-type=\"widget\" data-widget_type=\"image.default\">\n\t\t\t\t\t\t\t\t\t\t\t\t\t\t\t<img loading=\"lazy\" decoding=\"async\" width=\"300\" height=\"206\" src=\"https:\/\/contenedoresindustriales.com.mx\/wp-content\/uploads\/2024\/02\/CONTENEDOR-SEMINUEVO-MEDIDA-48x65x34PULGADAS-300x206.webp\" class=\"attachment-medium size-medium wp-image-53\" alt=\"Venta, renta y mantenimiento de contenedores abatibles \/ colapsables (ROPAK)\" srcset=\"https:\/\/contenedoresindustriales.com.mx\/wp-content\/uploads\/2024\/02\/CONTENEDOR-SEMINUEVO-MEDIDA-48x65x34PULGADAS-300x206.webp 300w, https:\/\/contenedoresindustriales.com.mx\/wp-content\/uploads\/2024\/02\/CONTENEDOR-SEMINUEVO-MEDIDA-48x65x34PULGADAS-e1749069376978.webp 256w\" sizes=\"(max-width: 300px) 100vw, 300px\" \/>\t\t\t\t\t\t\t\t\t\t\t\t\t\t\t<\/div>\n\t\t\t\t<div class=\"elementor-element elementor-element-12509ad elementor-widget elementor-widget-heading\" data-id=\"12509ad\" data-element_type=\"widget\" data-e-type=\"widget\" data-widget_type=\"heading.default\">\n\t\t\t\t\t<h4 class=\"elementor-heading-title elementor-size-default\">MEDIDAS 48\u201dx65\u201dx34\u201d PULGADAS<\/h4>\t\t\t\t<\/div>\n\t\t\t\t<div class=\"elementor-element elementor-element-f226a08 elementor-widget elementor-widget-heading\" data-id=\"f226a08\" data-element_type=\"widget\" data-e-type=\"widget\" data-widget_type=\"heading.default\">\n\t\t\t\t\t<span class=\"elementor-heading-title elementor-size-default\">Molded structural foam in high-density polyethylene<\/span>\t\t\t\t<\/div>\n\t\t\t\t<div class=\"elementor-element elementor-element-0a400da elementor-widget elementor-widget-heading\" data-id=\"0a400da\" data-element_type=\"widget\" data-e-type=\"widget\" data-widget_type=\"heading.default\">\n\t\t\t\t\t<span class=\"elementor-heading-title elementor-size-default\">Popular applications: Automotive, household appliances and transportation equipment.<\/span>\t\t\t\t<\/div>\n\t\t\t\t<\/div>\n\t\t\t\t<\/div>\n\t\t\t\t<\/div>\n\t\t\t\t\t<\/div>\n\t\t\t\t<\/div>\n\t\t<div class=\"elementor-element elementor-element-f9a26cd e-flex e-con-boxed e-con e-parent\" data-id=\"f9a26cd\" data-element_type=\"container\" data-e-type=\"container\" data-settings=\"{&quot;background_background&quot;:&quot;gradient&quot;}\">\n\t\t\t\t\t<div class=\"e-con-inner\">\n\t\t\t\t<div class=\"elementor-element elementor-element-da11356 elementor-widget elementor-widget-heading\" data-id=\"da11356\" data-element_type=\"widget\" data-e-type=\"widget\" data-widget_type=\"heading.default\">\n\t\t\t\t\t<h3 class=\"elementor-heading-title elementor-size-default\">Get a quote for ROPAK collapsible containers at the best price!<\/h3>\t\t\t\t<\/div>\n\t\t\t\t<div class=\"elementor-element elementor-element-9615bcc elementor-widget elementor-widget-text-editor\" data-id=\"9615bcc\" data-element_type=\"widget\" data-e-type=\"widget\" data-widget_type=\"text-editor.default\">\n\t\t\t\t\t\t\t\t\t<p>Somos l\u00edderes en la Venta, Renta, Mantenimiento e identificaci\u00f3n de Contenedores de Pl\u00e1stico en Quer\u00e9taro y alrededores. Brindamos un servicio especializado para la industria y asesor\u00eda gracias a nuestro equipo capacitado para brindar un servicio de excelencia al cliente.<\/p>\t\t\t\t\t\t\t\t<\/div>\n\t\t\t\t<div class=\"elementor-element elementor-element-42701ce elementor-align-center elementor-widget elementor-widget-button\" data-id=\"42701ce\" data-element_type=\"widget\" data-e-type=\"widget\" data-widget_type=\"button.default\">\n\t\t\t\t\t\t\t\t\t\t<a class=\"elementor-button elementor-button-link elementor-size-sm elementor-animation-grow\" href=\"#elementor-action%3Aaction%3Dpopup%3Aopen%26settings%3DeyJpZCI6IjIwNyIsInRvZ2dsZSI6ZmFsc2V9\" id=\"cotizar\">\n\t\t\t\t\t\t<span class=\"elementor-button-content-wrapper\">\n\t\t\t\t\t\t\t\t\t<span class=\"elementor-button-text\">Quote Products<\/span>\n\t\t\t\t\t<\/span>\n\t\t\t\t\t<\/a>\n\t\t\t\t\t\t\t\t<\/div>\n\t\t\t\t\t<\/div>\n\t\t\t\t<\/div>\n\t\t\t\t<\/div>","protected":false},"excerpt":{"rendered":"<p>Venta, renta, mantenimiento e identificaci\u00f3n de Contenedores de Pl\u00e1stico Industriales en QUER\u00c9TARO y alrededores, Contenedores Plegables Industriales ROPAK, Contenedores de Pl\u00e1stico, Contenedores de Pl\u00e1stico Colapsables, Contenedores Ropak, Venta de Contenedores de Poliuretano, Reparaci\u00f3n de contenedores Ropacks, contenedores de pl\u00e1stico colapsables, contenedores colapsables, contenedores de pl\u00e1stico, CONTENEDORES COLAPSABLES ROPAK SEMINUEVOS<\/p>","protected":false},"author":1,"featured_media":830,"parent":0,"menu_order":0,"comment_status":"closed","ping_status":"closed","template":"","meta":{"footnotes":""},"class_list":["post-338","page","type-page","status-publish","has-post-thumbnail","hentry"],"_links":{"self":[{"href":"https:\/\/contenedoresindustriales.com.mx\/en\/wp-json\/wp\/v2\/pages\/338","targetHints":{"allow":["GET"]}}],"collection":[{"href":"https:\/\/contenedoresindustriales.com.mx\/en\/wp-json\/wp\/v2\/pages"}],"about":[{"href":"https:\/\/contenedoresindustriales.com.mx\/en\/wp-json\/wp\/v2\/types\/page"}],"author":[{"embeddable":true,"href":"https:\/\/contenedoresindustriales.com.mx\/en\/wp-json\/wp\/v2\/users\/1"}],"replies":[{"embeddable":true,"href":"https:\/\/contenedoresindustriales.com.mx\/en\/wp-json\/wp\/v2\/comments?post=338"}],"version-history":[{"count":23,"href":"https:\/\/contenedoresindustriales.com.mx\/en\/wp-json\/wp\/v2\/pages\/338\/revisions"}],"predecessor-version":[{"id":2428,"href":"https:\/\/contenedoresindustriales.com.mx\/en\/wp-json\/wp\/v2\/pages\/338\/revisions\/2428"}],"wp:featuredmedia":[{"embeddable":true,"href":"https:\/\/contenedoresindustriales.com.mx\/en\/wp-json\/wp\/v2\/media\/830"}],"wp:attachment":[{"href":"https:\/\/contenedoresindustriales.com.mx\/en\/wp-json\/wp\/v2\/media?parent=338"}],"curies":[{"name":"wp","href":"https:\/\/api.w.org\/{rel}","templated":true}]}}