{"id":3,"date":"2024-01-30T20:17:53","date_gmt":"2024-01-30T20:17:53","guid":{"rendered":"https:\/\/algoritmoweb.com\/psoluciones\/?page_id=3"},"modified":"2026-03-13T18:50:40","modified_gmt":"2026-03-13T18:50:40","slug":"aviso-de-privacidad","status":"publish","type":"page","link":"https:\/\/contenedoresindustriales.com.mx\/en\/aviso-de-privacidad\/","title":{"rendered":"Privacy notice"},"content":{"rendered":"<div data-elementor-type=\"wp-page\" data-elementor-id=\"3\" class=\"elementor elementor-3\" data-elementor-post-type=\"page\">\n\t\t\t\t<div class=\"elementor-element elementor-element-4a4a3b10 e-flex e-con-boxed elementor-invisible e-con e-parent\" data-id=\"4a4a3b10\" data-element_type=\"container\" data-e-type=\"container\" data-settings=\"{&quot;animation&quot;:&quot;fadeIn&quot;}\">\n\t\t\t\t\t<div class=\"e-con-inner\">\n\t\t<div class=\"elementor-element elementor-element-3906c5f4 e-con-full e-flex e-con e-child\" data-id=\"3906c5f4\" data-element_type=\"container\" data-e-type=\"container\">\n\t\t\t\t<div class=\"elementor-element elementor-element-2e80bda7 elementor-widget elementor-widget-theme-site-logo elementor-widget-image\" data-id=\"2e80bda7\" data-element_type=\"widget\" data-e-type=\"widget\" data-widget_type=\"theme-site-logo.default\">\n\t\t\t\t\t\t\t\t\t\t\t<a href=\"https:\/\/contenedoresindustriales.com.mx\/en\">\n\t\t\t<img decoding=\"async\" width=\"353\" height=\"70\" src=\"https:\/\/contenedoresindustriales.com.mx\/wp-content\/uploads\/2024\/02\/cropped-PSOLUCIONES-Logo-Original-with-Transparent-Background-5000x5000-1-e1708535733478.png\" class=\"attachment-full size-full wp-image-263\" alt=\"Venta, renta y mantenimiento de contenedores abatibles \/ colapsables (ROPAK)\" srcset=\"https:\/\/contenedoresindustriales.com.mx\/wp-content\/uploads\/2024\/02\/cropped-PSOLUCIONES-Logo-Original-with-Transparent-Background-5000x5000-1-e1708535733478.png 353w, https:\/\/contenedoresindustriales.com.mx\/wp-content\/uploads\/2024\/02\/elementor\/thumbs\/cropped-PSOLUCIONES-Logo-Original-with-Transparent-Background-5000x5000-1-e1708535733478-qk58plio42an2kt709cdafowhk13rjbcqr3o5n3qyk.png 350w\" sizes=\"(max-width: 353px) 100vw, 353px\" \/>\t\t\t\t<\/a>\n\t\t\t\t\t\t\t\t\t\t\t<\/div>\n\t\t\t\t<\/div>\n\t\t<div class=\"elementor-element elementor-element-30e80418 e-con-full e-flex e-con e-child\" data-id=\"30e80418\" data-element_type=\"container\" data-e-type=\"container\">\n\t\t<div class=\"elementor-element elementor-element-525a3190 e-con-full e-flex e-con e-child\" data-id=\"525a3190\" data-element_type=\"container\" data-e-type=\"container\">\n\t\t<div class=\"elementor-element elementor-element-1eb8f60f e-con-full e-flex e-con e-child\" data-id=\"1eb8f60f\" data-element_type=\"container\" data-e-type=\"container\">\n\t\t\t\t<div class=\"elementor-element elementor-element-473557d elementor-nav-menu--dropdown-tablet elementor-nav-menu__text-align-aside elementor-nav-menu--toggle elementor-nav-menu--burger elementor-widget elementor-widget-nav-menu\" data-id=\"473557d\" data-element_type=\"widget\" data-e-type=\"widget\" data-settings=\"{&quot;layout&quot;:&quot;horizontal&quot;,&quot;submenu_icon&quot;:{&quot;value&quot;:&quot;&lt;svg aria-hidden=\\&quot;true\\&quot; class=\\&quot;e-font-icon-svg e-fas-caret-down\\&quot; viewBox=\\&quot;0 0 320 512\\&quot; xmlns=\\&quot;http:\\\/\\\/www.w3.org\\\/2000\\\/svg\\&quot;&gt;&lt;path d=\\&quot;M31.3 192h257.3c17.8 0 26.7 21.5 14.1 34.1L174.1 354.8c-7.8 7.8-20.5 7.8-28.3 0L17.2 226.1C4.6 213.5 13.5 192 31.3 192z\\&quot;&gt;&lt;\\\/path&gt;&lt;\\\/svg&gt;&quot;,&quot;library&quot;:&quot;fa-solid&quot;},&quot;toggle&quot;:&quot;burger&quot;}\" data-widget_type=\"nav-menu.default\">\n\t\t\t\t\t\t\t\t<nav aria-label=\"Menu\" class=\"elementor-nav-menu--main elementor-nav-menu__container elementor-nav-menu--layout-horizontal e--pointer-underline e--animation-fade\">\n\t\t\t\t<ul id=\"menu-1-473557d\" class=\"elementor-nav-menu\"><li class=\"menu-item menu-item-type-post_type menu-item-object-page menu-item-home menu-item-537\"><a href=\"https:\/\/contenedoresindustriales.com.mx\/en\/\" class=\"elementor-item\">Home<\/a><\/li>\n<li class=\"menu-item menu-item-type-custom menu-item-object-custom menu-item-539\"><a href=\"https:\/\/contenedoresindustriales.com.mx\/en\/#nosotros\" class=\"elementor-item elementor-item-anchor\">Us<\/a><\/li>\n<li class=\"menu-item menu-item-type-custom menu-item-object-custom menu-item-has-children menu-item-535\"><a href=\"#servicios\" class=\"elementor-item elementor-item-anchor\">Services<\/a>\n<ul class=\"sub-menu elementor-nav-menu--dropdown\">\n\t<li class=\"menu-item menu-item-type-post_type menu-item-object-page menu-item-529\"><a href=\"https:\/\/contenedoresindustriales.com.mx\/en\/contenedores-colapsables-ropak-seminuevos\/\" class=\"elementor-sub-item\">Contenedores colapsables ROPAK seminuevos<\/a><\/li>\n\t<li class=\"menu-item menu-item-type-post_type menu-item-object-page menu-item-1222\"><a href=\"https:\/\/contenedoresindustriales.com.mx\/en\/reparacion-de-contenedores-ropak\/\" class=\"elementor-sub-item\">Repair of containers ROPAK<\/a><\/li>\n\t<li class=\"menu-item menu-item-type-post_type menu-item-object-page menu-item-534\"><a href=\"https:\/\/contenedoresindustriales.com.mx\/en\/tarima-de-plastico\/\" class=\"elementor-sub-item\">Pallet of plastic<\/a><\/li>\n\t<li class=\"menu-item menu-item-type-post_type menu-item-object-page menu-item-532\"><a href=\"https:\/\/contenedoresindustriales.com.mx\/en\/caja-de-plastico\/\" class=\"elementor-sub-item\">Plastic box<\/a><\/li>\n\t<li class=\"menu-item menu-item-type-post_type menu-item-object-page menu-item-531\"><a href=\"https:\/\/contenedoresindustriales.com.mx\/en\/tote-contenedor-ibc\/\" class=\"elementor-sub-item\">Tote IBC<\/a><\/li>\n\t<li class=\"menu-item menu-item-type-post_type menu-item-object-page menu-item-533\"><a href=\"https:\/\/contenedoresindustriales.com.mx\/en\/pelicula-plastica\/\" class=\"elementor-sub-item\">Plastic film<\/a><\/li>\n\t<li class=\"menu-item menu-item-type-post_type menu-item-object-page menu-item-530\"><a href=\"https:\/\/contenedoresindustriales.com.mx\/en\/compra-de-desechos-industriales\/\" class=\"elementor-sub-item\">Purchase of industrial waste<\/a><\/li>\n<\/ul>\n<\/li>\n<li class=\"menu-item menu-item-type-post_type menu-item-object-page menu-item-1334\"><a href=\"https:\/\/contenedoresindustriales.com.mx\/en\/blog\/\" class=\"elementor-item\">Blog<\/a><\/li>\n<li class=\"menu-item menu-item-type-custom menu-item-object-custom menu-item-538\"><a href=\"https:\/\/contenedoresindustriales.com.mx\/en\/#contacto\" class=\"elementor-item elementor-item-anchor\">Contact<\/a><\/li>\n<li class=\"trp-language-switcher-container menu-item menu-item-type-post_type menu-item-object-language_switcher menu-item-has-children current-language-menu-item menu-item-1204\"><a href=\"https:\/\/contenedoresindustriales.com.mx\/en\/wp-json\/wp\/v2\/pages\/3\" class=\"elementor-item elementor-item-anchor\"><span data-no-translation><img decoding=\"async\" class=\"trp-flag-image\" src=\"https:\/\/contenedoresindustriales.com.mx\/wp-content\/plugins\/translatepress-multilingual\/assets\/images\/flags\/es_MX.png\" width=\"18\" height=\"12\" alt=\"es_MX\" title=\"Espa\u00f1ol\"><span class=\"trp-ls-language-name\">Espa\u00f1ol<\/span><\/span><\/a>\n<ul class=\"sub-menu elementor-nav-menu--dropdown\">\n\t<li class=\"trp-language-switcher-container menu-item menu-item-type-post_type menu-item-object-language_switcher current-language-menu-item menu-item-1205\"><a href=\"https:\/\/contenedoresindustriales.com.mx\/en\/wp-json\/wp\/v2\/pages\/3\" class=\"elementor-sub-item elementor-item-anchor\"><span data-no-translation><img decoding=\"async\" class=\"trp-flag-image\" src=\"https:\/\/contenedoresindustriales.com.mx\/wp-content\/plugins\/translatepress-multilingual\/assets\/images\/flags\/en_US.png\" width=\"18\" height=\"12\" alt=\"en_US\" title=\"English\"><span class=\"trp-ls-language-name\">English<\/span><\/span><\/a><\/li>\n<\/ul>\n<\/li>\n<\/ul>\t\t\t<\/nav>\n\t\t\t\t\t<div class=\"elementor-menu-toggle\" role=\"button\" tabindex=\"0\" aria-label=\"Menu Toggle\" aria-expanded=\"false\">\n\t\t\t<svg aria-hidden=\"true\" role=\"presentation\" class=\"elementor-menu-toggle__icon--open e-font-icon-svg e-eicon-menu-bar\" viewbox=\"0 0 1000 1000\" xmlns=\"http:\/\/www.w3.org\/2000\/svg\"><path d=\"M104 333H896C929 333 958 304 958 271S929 208 896 208H104C71 208 42 237 42 271S71 333 104 333ZM104 583H896C929 583 958 554 958 521S929 458 896 458H104C71 458 42 487 42 521S71 583 104 583ZM104 833H896C929 833 958 804 958 771S929 708 896 708H104C71 708 42 737 42 771S71 833 104 833Z\"><\/path><\/svg><svg aria-hidden=\"true\" role=\"presentation\" class=\"elementor-menu-toggle__icon--close e-font-icon-svg e-eicon-close\" viewbox=\"0 0 1000 1000\" xmlns=\"http:\/\/www.w3.org\/2000\/svg\"><path d=\"M742 167L500 408 258 167C246 154 233 150 217 150 196 150 179 158 167 167 154 179 150 196 150 212 150 229 154 242 171 254L408 500 167 742C138 771 138 800 167 829 196 858 225 858 254 829L496 587 738 829C750 842 767 846 783 846 800 846 817 842 829 829 842 817 846 804 846 783 846 767 842 750 829 737L588 500 833 258C863 229 863 200 833 171 804 137 775 137 742 167Z\"><\/path><\/svg>\t\t<\/div>\n\t\t\t\t\t<nav class=\"elementor-nav-menu--dropdown elementor-nav-menu__container\" aria-hidden=\"true\">\n\t\t\t\t<ul id=\"menu-2-473557d\" class=\"elementor-nav-menu\"><li class=\"menu-item menu-item-type-post_type menu-item-object-page menu-item-home menu-item-537\"><a href=\"https:\/\/contenedoresindustriales.com.mx\/en\/\" class=\"elementor-item\" tabindex=\"-1\">Home<\/a><\/li>\n<li class=\"menu-item menu-item-type-custom menu-item-object-custom menu-item-539\"><a href=\"https:\/\/contenedoresindustriales.com.mx\/en\/#nosotros\" class=\"elementor-item elementor-item-anchor\" tabindex=\"-1\">Us<\/a><\/li>\n<li class=\"menu-item menu-item-type-custom menu-item-object-custom menu-item-has-children menu-item-535\"><a href=\"#servicios\" class=\"elementor-item elementor-item-anchor\" tabindex=\"-1\">Services<\/a>\n<ul class=\"sub-menu elementor-nav-menu--dropdown\">\n\t<li class=\"menu-item menu-item-type-post_type menu-item-object-page menu-item-529\"><a href=\"https:\/\/contenedoresindustriales.com.mx\/en\/contenedores-colapsables-ropak-seminuevos\/\" class=\"elementor-sub-item\" tabindex=\"-1\">Contenedores colapsables ROPAK seminuevos<\/a><\/li>\n\t<li class=\"menu-item menu-item-type-post_type menu-item-object-page menu-item-1222\"><a href=\"https:\/\/contenedoresindustriales.com.mx\/en\/reparacion-de-contenedores-ropak\/\" class=\"elementor-sub-item\" tabindex=\"-1\">Repair of containers ROPAK<\/a><\/li>\n\t<li class=\"menu-item menu-item-type-post_type menu-item-object-page menu-item-534\"><a href=\"https:\/\/contenedoresindustriales.com.mx\/en\/tarima-de-plastico\/\" class=\"elementor-sub-item\" tabindex=\"-1\">Pallet of plastic<\/a><\/li>\n\t<li class=\"menu-item menu-item-type-post_type menu-item-object-page menu-item-532\"><a href=\"https:\/\/contenedoresindustriales.com.mx\/en\/caja-de-plastico\/\" class=\"elementor-sub-item\" tabindex=\"-1\">Plastic box<\/a><\/li>\n\t<li class=\"menu-item menu-item-type-post_type menu-item-object-page menu-item-531\"><a href=\"https:\/\/contenedoresindustriales.com.mx\/en\/tote-contenedor-ibc\/\" class=\"elementor-sub-item\" tabindex=\"-1\">Tote IBC<\/a><\/li>\n\t<li class=\"menu-item menu-item-type-post_type menu-item-object-page menu-item-533\"><a href=\"https:\/\/contenedoresindustriales.com.mx\/en\/pelicula-plastica\/\" class=\"elementor-sub-item\" tabindex=\"-1\">Plastic film<\/a><\/li>\n\t<li class=\"menu-item menu-item-type-post_type menu-item-object-page menu-item-530\"><a href=\"https:\/\/contenedoresindustriales.com.mx\/en\/compra-de-desechos-industriales\/\" class=\"elementor-sub-item\" tabindex=\"-1\">Purchase of industrial waste<\/a><\/li>\n<\/ul>\n<\/li>\n<li class=\"menu-item menu-item-type-post_type menu-item-object-page menu-item-1334\"><a href=\"https:\/\/contenedoresindustriales.com.mx\/en\/blog\/\" class=\"elementor-item\" tabindex=\"-1\">Blog<\/a><\/li>\n<li class=\"menu-item menu-item-type-custom menu-item-object-custom menu-item-538\"><a href=\"https:\/\/contenedoresindustriales.com.mx\/en\/#contacto\" class=\"elementor-item elementor-item-anchor\" tabindex=\"-1\">Contact<\/a><\/li>\n<li class=\"trp-language-switcher-container menu-item menu-item-type-post_type menu-item-object-language_switcher menu-item-has-children current-language-menu-item menu-item-1204\"><a href=\"https:\/\/contenedoresindustriales.com.mx\/en\/wp-json\/wp\/v2\/pages\/3\" class=\"elementor-item elementor-item-anchor\" tabindex=\"-1\"><span data-no-translation><img decoding=\"async\" class=\"trp-flag-image\" src=\"https:\/\/contenedoresindustriales.com.mx\/wp-content\/plugins\/translatepress-multilingual\/assets\/images\/flags\/es_MX.png\" width=\"18\" height=\"12\" alt=\"es_MX\" title=\"Espa\u00f1ol\"><span class=\"trp-ls-language-name\">Espa\u00f1ol<\/span><\/span><\/a>\n<ul class=\"sub-menu elementor-nav-menu--dropdown\">\n\t<li class=\"trp-language-switcher-container menu-item menu-item-type-post_type menu-item-object-language_switcher current-language-menu-item menu-item-1205\"><a href=\"https:\/\/contenedoresindustriales.com.mx\/en\/wp-json\/wp\/v2\/pages\/3\" class=\"elementor-sub-item elementor-item-anchor\" tabindex=\"-1\"><span data-no-translation><img decoding=\"async\" class=\"trp-flag-image\" src=\"https:\/\/contenedoresindustriales.com.mx\/wp-content\/plugins\/translatepress-multilingual\/assets\/images\/flags\/en_US.png\" width=\"18\" height=\"12\" alt=\"en_US\" title=\"English\"><span class=\"trp-ls-language-name\">English<\/span><\/span><\/a><\/li>\n<\/ul>\n<\/li>\n<\/ul>\t\t\t<\/nav>\n\t\t\t\t\t\t<\/div>\n\t\t\t\t<\/div>\n\t\t<div class=\"elementor-element elementor-element-6b0a1531 e-con-full e-flex e-con e-child\" data-id=\"6b0a1531\" data-element_type=\"container\" data-e-type=\"container\">\n\t\t\t\t<div class=\"elementor-element elementor-element-954a9ce elementor-align-right elementor-widget elementor-widget-button\" data-id=\"954a9ce\" data-element_type=\"widget\" data-e-type=\"widget\" data-widget_type=\"button.default\">\n\t\t\t\t\t\t\t\t\t\t<a class=\"elementor-button elementor-button-link elementor-size-sm elementor-animation-shrink\" href=\"#\">\n\t\t\t\t\t\t<span class=\"elementor-button-content-wrapper\">\n\t\t\t\t\t\t\t\t\t<span class=\"elementor-button-text\">Quote Now<\/span>\n\t\t\t\t\t<\/span>\n\t\t\t\t\t<\/a>\n\t\t\t\t\t\t\t\t<\/div>\n\t\t\t\t<\/div>\n\t\t\t\t<\/div>\n\t\t\t\t<\/div>\n\t\t\t\t\t<\/div>\n\t\t\t\t<\/div>\n\t\t<div class=\"elementor-element elementor-element-3faa60fd e-flex e-con-boxed e-con e-parent\" data-id=\"3faa60fd\" data-element_type=\"container\" data-e-type=\"container\">\n\t\t\t\t\t<div class=\"e-con-inner\">\n\t\t\t\t<div class=\"elementor-element elementor-element-6a17d0df elementor-widget__width-initial elementor-widget elementor-widget-text-editor\" data-id=\"6a17d0df\" data-element_type=\"widget\" data-e-type=\"widget\" data-widget_type=\"text-editor.default\">\n\t\t\t\t\t\t\t\t\t<h2>\u00a0<\/h2><h2 class=\"elementor-heading-title elementor-size-default\"><span style=\"color: #0f235a;\">Aviso de privacidad integral<\/span><\/h2><div><span style=\"color: #0f235a;\">\u00a0<\/span><\/div><div><span style=\"color: #0f235a;\">\u00a0<\/span><\/div><p>PSOLUCIONES Contenedores Industriales, con domicilio en Parque Industrial Beta, bodega 37 El Marqu\u00e9s, Qro. y portal de internet https:\/\/contenedoresindustriales.com.mx\/, es el responsable del uso y protecci\u00f3n de sus datos personales, y al respecto le informamos lo siguiente:<\/p><div class=\"elementor-element elementor-element-24e9c050 elementor-widget__width-inherit elementor-widget elementor-widget-text-editor\" data-id=\"24e9c050\" data-element_type=\"widget\" data-widget_type=\"text-editor.default\"><div class=\"elementor-widget-container\"><h6><span style=\"color: #0f235a;\">\u00bfPara qu\u00e9 fines utilizaremos sus datos personales?<\/span><\/h6><h6>\u00a0<\/h6><p>Los datos personales que recabamos de usted, los utilizaremos para las siguientes finalidades que son necesarias para el servicio que solicita:<\/p><ul><li>Respuesta a mensajes del formulario de contacto.<\/li><li>Cotizaciones de nuestros servicios y productos.<\/li><\/ul><div>\u00a0<\/div><h6><span style=\"color: #0f235a;\">\u00bfQu\u00e9 datos personales utilizaremos para estos fines?<\/span><\/h6><h6>\u00a0<\/h6><p>Para llevar a cabo las finalidades descritas en el presente aviso de privacidad, utilizaremos los siguientes datos personales:<\/p><ul><li>Datos de identificaci\u00f3n y contacto.<\/li><\/ul><div>\u00a0<\/div><h6><span style=\"color: #0f235a;\">\u00bfC\u00f3mo puede acceder, rectificar o cancelar sus datos personales, u oponerse a su uso o ejercer la revocaci\u00f3n de consentimiento?<\/span><\/h6><h6>\u00a0<\/h6><p>Usted tiene derecho a conocer qu\u00e9 datos personales tenemos de usted, para qu\u00e9 los utilizamos y las condiciones del uso que les damos (Acceso). Asimismo, es su derecho solicitar la correcci\u00f3n de su informaci\u00f3n personal en caso de que est\u00e9 desactualizada, sea inexacta o incompleta (Rectificaci\u00f3n); que la eliminemos de nuestros registros o bases de datos cuando considere que la misma no est\u00e1 siendo utilizada adecuadamente (Cancelaci\u00f3n); as\u00ed como oponerse al uso de sus datos personales para fines espec\u00edficos (Oposici\u00f3n). Estos derechos se conocen como derecho ARCO.<\/p><p>Para el ejercicio de cualquiera de los derechos ARCO, debe enviar una petici\u00f3n v\u00eda correo electr\u00f3nico a ventas@psoluciones.org y deber\u00e1 contener:<\/p><p>Nombre completo del titular.<br \/>Domicilio.<br \/>Tel\u00e9fono.<br \/>Correo electr\u00f3nico usado en este sitio web.<br \/>Copia de una identificaci\u00f3n oficial adjunta.<br \/>Asunto \u201cDerecho ARCO\u201d<\/p><p>Descripci\u00f3n el objeto del escrito, los cuales pueden ser de manera enunciativa m\u00e1s no limitativa los siguientes: Revocaci\u00f3n del consentimiento para tratar sus datos personales; y\/o Notificaci\u00f3n del uso indebido del tratamiento de sus datos personales; y\/o Ejercitar sus Derechos ARCO, con una descripci\u00f3n clara y precisa de los datos a Acceder, Rectificar, Cancelar o bien, Oponerse. En caso de Rectificaci\u00f3n de datos personales, deber\u00e1 indicar la modificaci\u00f3n exacta y anexar la documentaci\u00f3n soporte; es importante en caso de revocaci\u00f3n del consentimiento, que tenga en cuenta que no en todos los casos podremos atender su solicitud o concluir el uso de forma inmediata, ya que es posible que por alguna obligaci\u00f3n legal requiramos seguir tratando sus datos personales. Asimismo, usted deber\u00e1 considerar que para ciertos fines, la revocaci\u00f3n de su consentimiento implicar\u00e1 que no le podamos seguir prestando el servicio que nos solicit\u00f3, o la conclusi\u00f3n de su relaci\u00f3n con nosotros.<\/p><h6><span style=\"color: #0f235a;\">\u00bfEn cu\u00e1ntos d\u00edas le daremos respuesta a su solicitud?<\/span><\/h6><p>5 d\u00edas<\/p><h6><span style=\"color: #0f235a;\">\u00bfPor qu\u00e9 medio le comunicaremos la respuesta a su solicitud?<\/span><\/h6><p>Al mismo correo electr\u00f3nico de donde se envi\u00f3 la petici\u00f3n.<\/p><h6><span style=\"color: #0f235a;\">El uso de tecnolog\u00edas de rastreo en nuestro portal de internet<\/span><\/h6><p>Le informamos que en nuestra p\u00e1gina de internet utilizamos cookies, web beacons u otras tecnolog\u00edas, a trav\u00e9s de las cuales es posible monitorear su comportamiento como usuario de internet, as\u00ed como brindarle un mejor servicio y experiencia al navegar en nuestra p\u00e1gina. Los datos personales que obtenemos de estas tecnolog\u00edas de rastreo son los siguientes:Identificadores de navegador web utilizado, direcci\u00f3n IP.<\/p><p>Estas cookies, web beacons y otras tecnolog\u00edas pueden ser deshabilitadas. Para conocer c\u00f3mo hacerlo, consulte el men\u00fa de ayuda de su navegador. Tenga en cuenta que, en caso de desactivar las cookies, es posible que no pueda acceder a ciertas funciones personalizadas en nuestro sitio web.<\/p><h6><span style=\"color: #0f235a;\">\u00bfC\u00f3mo puede conocer los cambios en este aviso de privacidad?<\/span><\/h6><p>El presente aviso de privacidad puede sufrir modificaciones, cambios o actualizaciones derivadas de nuevos requerimientos legales; de nuestras propias necesidades por los productos o servicios que ofrecemos; de nuestras pr\u00e1cticas de privacidad; de cambios en nuestro modelo de negocio, o por otras causas. Nos comprometemos a mantener actualizado este aviso de privacidad sobre los cambios que pueda sufrir y siempre podr\u00e1 consultar las actualizaciones que existan en el sitio web https:\/\/contenedoresindustriales.com.mx.<\/p><p style=\"text-align: right;\"><span style=\"text-align: right; color: #0f235a;\">\u00daltima actualizaci\u00f3n de este aviso de privacidad: 28\/02\/2024<\/span><\/p><\/div><\/div>\t\t\t\t\t\t\t\t<\/div>\n\t\t\t\t\t<\/div>\n\t\t\t\t<\/div>\n\t\t\t\t<\/div>","protected":false},"excerpt":{"rendered":"<p>Cotizar Ahora \u00a0 Aviso de privacidad integral \u00a0\u00a0 PSOLUCIONES Contenedores Industriales, con domicilio en Parque Industrial Beta, bodega 37 El Marqu\u00e9s, Qro. y portal de internet https:\/\/contenedoresindustriales.com.mx\/, es el responsable del uso y protecci\u00f3n de sus datos personales, y al respecto le informamos lo siguiente: \u00bfPara qu\u00e9 fines utilizaremos sus datos personales? \u00a0 Los datos [&hellip;]<\/p>\n","protected":false},"author":1,"featured_media":0,"parent":0,"menu_order":0,"comment_status":"closed","ping_status":"closed","template":"","meta":{"footnotes":""},"class_list":["post-3","page","type-page","status-publish","hentry"],"_links":{"self":[{"href":"https:\/\/contenedoresindustriales.com.mx\/en\/wp-json\/wp\/v2\/pages\/3","targetHints":{"allow":["GET"]}}],"collection":[{"href":"https:\/\/contenedoresindustriales.com.mx\/en\/wp-json\/wp\/v2\/pages"}],"about":[{"href":"https:\/\/contenedoresindustriales.com.mx\/en\/wp-json\/wp\/v2\/types\/page"}],"author":[{"embeddable":true,"href":"https:\/\/contenedoresindustriales.com.mx\/en\/wp-json\/wp\/v2\/users\/1"}],"replies":[{"embeddable":true,"href":"https:\/\/contenedoresindustriales.com.mx\/en\/wp-json\/wp\/v2\/comments?post=3"}],"version-history":[{"count":3,"href":"https:\/\/contenedoresindustriales.com.mx\/en\/wp-json\/wp\/v2\/pages\/3\/revisions"}],"predecessor-version":[{"id":2322,"href":"https:\/\/contenedoresindustriales.com.mx\/en\/wp-json\/wp\/v2\/pages\/3\/revisions\/2322"}],"wp:attachment":[{"href":"https:\/\/contenedoresindustriales.com.mx\/en\/wp-json\/wp\/v2\/media?parent=3"}],"curies":[{"name":"wp","href":"https:\/\/api.w.org\/{rel}","templated":true}]}}