{"id":284,"date":"2024-02-19T18:27:06","date_gmt":"2024-02-19T18:27:06","guid":{"rendered":"https:\/\/algoritmoweb.com\/psoluciones\/?page_id=284"},"modified":"2025-10-31T22:11:13","modified_gmt":"2025-10-31T22:11:13","slug":"tarima-de-plastico","status":"publish","type":"page","link":"https:\/\/contenedoresindustriales.com.mx\/en\/tarima-de-plastico\/","title":{"rendered":"Pallet of plastic"},"content":{"rendered":"<div data-elementor-type=\"wp-page\" data-elementor-id=\"284\" class=\"elementor elementor-284\" data-elementor-post-type=\"page\">\n\t\t\t\t\t\t<section class=\"elementor-section elementor-top-section elementor-element elementor-element-4c225740 elementor-reverse-mobile elementor-section-boxed elementor-section-height-default elementor-section-height-default elementor-invisible\" data-id=\"4c225740\" data-element_type=\"section\" data-e-type=\"section\" data-settings=\"{&quot;background_background&quot;:&quot;classic&quot;,&quot;shape_divider_bottom&quot;:&quot;mountains&quot;,&quot;animation&quot;:&quot;fadeIn&quot;}\">\n\t\t\t\t\t\t\t<div class=\"elementor-background-overlay\"><\/div>\n\t\t\t\t\t\t<div class=\"elementor-shape elementor-shape-bottom\" aria-hidden=\"true\" data-negative=\"false\">\n\t\t\t<svg xmlns=\"http:\/\/www.w3.org\/2000\/svg\" viewbox=\"0 0 1000 100\" preserveaspectratio=\"none\">\n\t<path class=\"elementor-shape-fill\" opacity=\"0.33\" d=\"M473,67.3c-203.9,88.3-263.1-34-320.3,0C66,119.1,0,59.7,0,59.7V0h1000v59.7 c0,0-62.1,26.1-94.9,29.3c-32.8,3.3-62.8-12.3-75.8-22.1C806,49.6,745.3,8.7,694.9,4.7S492.4,59,473,67.3z\"\/>\n\t<path class=\"elementor-shape-fill\" opacity=\"0.66\" d=\"M734,67.3c-45.5,0-77.2-23.2-129.1-39.1c-28.6-8.7-150.3-10.1-254,39.1 s-91.7-34.4-149.2,0C115.7,118.3,0,39.8,0,39.8V0h1000v36.5c0,0-28.2-18.5-92.1-18.5C810.2,18.1,775.7,67.3,734,67.3z\"\/>\n\t<path class=\"elementor-shape-fill\" d=\"M766.1,28.9c-200-57.5-266,65.5-395.1,19.5C242,1.8,242,5.4,184.8,20.6C128,35.8,132.3,44.9,89.9,52.5C28.6,63.7,0,0,0,0 h1000c0,0-9.9,40.9-83.6,48.1S829.6,47,766.1,28.9z\"\/>\n<\/svg>\t\t<\/div>\n\t\t\t\t\t<div class=\"elementor-container elementor-column-gap-default\">\n\t\t\t\t\t<div class=\"elementor-column elementor-col-50 elementor-top-column elementor-element elementor-element-419c1333\" data-id=\"419c1333\" data-element_type=\"column\" data-e-type=\"column\">\n\t\t\t<div class=\"elementor-widget-wrap elementor-element-populated\">\n\t\t\t\t\t\t<div class=\"elementor-element elementor-element-467d814 elementor-widget__width-initial elementor-widget-tablet__width-initial elementor-invisible elementor-widget elementor-widget-image\" data-id=\"467d814\" data-element_type=\"widget\" data-e-type=\"widget\" data-settings=\"{&quot;_animation&quot;:&quot;fadeInUp&quot;,&quot;_animation_delay&quot;:400}\" data-widget_type=\"image.default\">\n\t\t\t\t\t\t\t\t\t\t\t\t\t\t\t<img fetchpriority=\"high\" decoding=\"async\" width=\"666\" height=\"374\" src=\"https:\/\/contenedoresindustriales.com.mx\/wp-content\/uploads\/2024\/02\/Tarima-de-plastico-medida-43x43-Y-45x48-1.webp\" class=\"attachment-medium_large size-medium_large wp-image-52\" alt=\"tarima de plastico medidas 43x43\" srcset=\"https:\/\/contenedoresindustriales.com.mx\/wp-content\/uploads\/2024\/02\/Tarima-de-plastico-medida-43x43-Y-45x48-1.webp 666w, https:\/\/contenedoresindustriales.com.mx\/wp-content\/uploads\/2024\/02\/Tarima-de-plastico-medida-43x43-Y-45x48-1-300x168.webp 300w\" sizes=\"(max-width: 666px) 100vw, 666px\" \/>\t\t\t\t\t\t\t\t\t\t\t\t\t\t\t<\/div>\n\t\t\t\t\t<\/div>\n\t\t<\/div>\n\t\t\t\t<div class=\"elementor-column elementor-col-50 elementor-top-column elementor-element elementor-element-51d8f27\" data-id=\"51d8f27\" data-element_type=\"column\" data-e-type=\"column\">\n\t\t\t<div class=\"elementor-widget-wrap elementor-element-populated\">\n\t\t\t\t\t\t<div class=\"elementor-element elementor-element-597f6102 elementor-invisible elementor-widget elementor-widget-heading\" data-id=\"597f6102\" data-element_type=\"widget\" data-e-type=\"widget\" data-settings=\"{&quot;_animation&quot;:&quot;fadeInUp&quot;}\" data-widget_type=\"heading.default\">\n\t\t\t\t\t<h1 class=\"elementor-heading-title elementor-size-default\">Tarimas de Pl\u00e1stico en Quer\u00e9taro<\/h1>\t\t\t\t<\/div>\n\t\t\t\t<div class=\"elementor-element elementor-element-68bd3429 elementor-invisible elementor-widget elementor-widget-heading\" data-id=\"68bd3429\" data-element_type=\"widget\" data-e-type=\"widget\" data-settings=\"{&quot;_animation&quot;:&quot;fadeInUp&quot;,&quot;_animation_delay&quot;:200}\" data-widget_type=\"heading.default\">\n\t\t\t\t\t<h1 class=\"elementor-heading-title elementor-size-default\">Soluciones resistentes, ligeras y reutilizables para tu log\u00edstica industrial.<\/h1>\t\t\t\t<\/div>\n\t\t\t\t<div class=\"elementor-element elementor-element-f7234aa elementor-widget elementor-widget-spacer\" data-id=\"f7234aa\" data-element_type=\"widget\" data-e-type=\"widget\" data-widget_type=\"spacer.default\">\n\t\t\t\t\t\t\t<div class=\"elementor-spacer\">\n\t\t\t<div class=\"elementor-spacer-inner\"><\/div>\n\t\t<\/div>\n\t\t\t\t\t\t<\/div>\n\t\t\t\t<div class=\"elementor-element elementor-element-1fea2fb2 elementor-widget-divider--view-line elementor-invisible elementor-widget elementor-widget-divider\" data-id=\"1fea2fb2\" data-element_type=\"widget\" data-e-type=\"widget\" data-settings=\"{&quot;_animation&quot;:&quot;fadeInUp&quot;,&quot;_animation_delay&quot;:400}\" data-widget_type=\"divider.default\">\n\t\t\t\t\t\t\t<div class=\"elementor-divider\">\n\t\t\t<span class=\"elementor-divider-separator\">\n\t\t\t\t\t\t<\/span>\n\t\t<\/div>\n\t\t\t\t\t\t<\/div>\n\t\t\t\t<div class=\"elementor-element elementor-element-23ec5d6c elementor-widget elementor-widget-spacer\" data-id=\"23ec5d6c\" data-element_type=\"widget\" data-e-type=\"widget\" data-widget_type=\"spacer.default\">\n\t\t\t\t\t\t\t<div class=\"elementor-spacer\">\n\t\t\t<div class=\"elementor-spacer-inner\"><\/div>\n\t\t<\/div>\n\t\t\t\t\t\t<\/div>\n\t\t\t\t<div class=\"elementor-element elementor-element-aefdc05 elementor-align-right elementor-mobile-align-center elementor-widget__width-initial elementor-widget elementor-widget-button\" data-id=\"aefdc05\" data-element_type=\"widget\" data-e-type=\"widget\" data-widget_type=\"button.default\">\n\t\t\t\t\t\t\t\t\t\t<a class=\"elementor-button elementor-button-link elementor-size-sm elementor-animation-shrink\" href=\"#elementor-action%3Aaction%3Dpopup%3Aopen%26settings%3DeyJpZCI6IjIwNyIsInRvZ2dsZSI6ZmFsc2V9\" elementor-template=\"\">\n\t\t\t\t\t\t<span class=\"elementor-button-content-wrapper\">\n\t\t\t\t\t\t\t\t\t<span class=\"elementor-button-text\">Request Catalog<\/span>\n\t\t\t\t\t<\/span>\n\t\t\t\t\t<\/a>\n\t\t\t\t\t\t\t\t<\/div>\n\t\t\t\t\t<\/div>\n\t\t<\/div>\n\t\t\t\t\t<\/div>\n\t\t<\/section>\n\t\t<div class=\"elementor-element elementor-element-b2b2e27 e-flex e-con-boxed elementor-invisible e-con e-parent\" data-id=\"b2b2e27\" data-element_type=\"container\" data-e-type=\"container\" data-settings=\"{&quot;background_background&quot;:&quot;classic&quot;,&quot;animation&quot;:&quot;fadeIn&quot;}\">\n\t\t\t\t\t<div class=\"e-con-inner\">\n\t\t<div class=\"elementor-element elementor-element-a58610b e-con-full e-flex e-con e-child\" data-id=\"a58610b\" data-element_type=\"container\" data-e-type=\"container\">\n\t\t<div class=\"elementor-element elementor-element-dd1c7d9 e-con-full e-flex e-con e-child\" data-id=\"dd1c7d9\" data-element_type=\"container\" data-e-type=\"container\">\n\t\t<div class=\"elementor-element elementor-element-a3273bb e-con-full e-flex elementor-invisible e-con e-child\" data-id=\"a3273bb\" data-element_type=\"container\" data-e-type=\"container\" data-settings=\"{&quot;background_background&quot;:&quot;gradient&quot;,&quot;animation&quot;:&quot;fadeInUp&quot;,&quot;animation_delay&quot;:200}\">\n\t\t\t\t<div class=\"elementor-element elementor-element-87cbf5f elementor-widget__width-initial elementor-widget elementor-widget-image\" data-id=\"87cbf5f\" data-element_type=\"widget\" data-e-type=\"widget\" data-widget_type=\"image.default\">\n\t\t\t\t\t\t\t\t\t\t\t\t\t\t\t<img decoding=\"async\" width=\"666\" height=\"374\" src=\"https:\/\/contenedoresindustriales.com.mx\/wp-content\/uploads\/2024\/02\/Tarima-de-plastico-medida-43x43-Y-45x48-1.webp\" class=\"attachment-large size-large wp-image-52\" alt=\"tarima de plastico medidas 43x43\" srcset=\"https:\/\/contenedoresindustriales.com.mx\/wp-content\/uploads\/2024\/02\/Tarima-de-plastico-medida-43x43-Y-45x48-1.webp 666w, https:\/\/contenedoresindustriales.com.mx\/wp-content\/uploads\/2024\/02\/Tarima-de-plastico-medida-43x43-Y-45x48-1-300x168.webp 300w\" sizes=\"(max-width: 666px) 100vw, 666px\" \/>\t\t\t\t\t\t\t\t\t\t\t\t\t\t\t<\/div>\n\t\t\t\t<div class=\"elementor-element elementor-element-133c806 elementor-widget elementor-widget-heading\" data-id=\"133c806\" data-element_type=\"widget\" data-e-type=\"widget\" data-widget_type=\"heading.default\">\n\t\t\t\t\t<h4 class=\"elementor-heading-title elementor-size-default\">MEASUREMENTS 43\u201dx43\u201d INCHES<\/h4>\t\t\t\t<\/div>\n\t\t\t\t<div class=\"elementor-element elementor-element-4d2787b elementor-widget elementor-widget-spacer\" data-id=\"4d2787b\" data-element_type=\"widget\" data-e-type=\"widget\" data-widget_type=\"spacer.default\">\n\t\t\t\t\t\t\t<div class=\"elementor-spacer\">\n\t\t\t<div class=\"elementor-spacer-inner\"><\/div>\n\t\t<\/div>\n\t\t\t\t\t\t<\/div>\n\t\t\t\t<div class=\"elementor-element elementor-element-09cdcca elementor-widget elementor-widget-spacer\" data-id=\"09cdcca\" data-element_type=\"widget\" data-e-type=\"widget\" data-widget_type=\"spacer.default\">\n\t\t\t\t\t\t\t<div class=\"elementor-spacer\">\n\t\t\t<div class=\"elementor-spacer-inner\"><\/div>\n\t\t<\/div>\n\t\t\t\t\t\t<\/div>\n\t\t\t\t<div class=\"elementor-element elementor-element-4c3a161 elementor-widget elementor-widget-heading\" data-id=\"4c3a161\" data-element_type=\"widget\" data-e-type=\"widget\" data-widget_type=\"heading.default\">\n\t\t\t\t\t<span class=\"elementor-heading-title elementor-size-default\">Structural foam molded in high-density polyethylene like ours <a href=\"https:\/\/contenedoresindustriales.com.mx\/en\/contenedores-colapsables-ropak-seminuevos\/\"><b>ROPAK containers<\/b><\/a><\/span>\t\t\t\t<\/div>\n\t\t\t\t<div class=\"elementor-element elementor-element-5bac343 elementor-widget elementor-widget-heading\" data-id=\"5bac343\" data-element_type=\"widget\" data-e-type=\"widget\" data-widget_type=\"heading.default\">\n\t\t\t\t\t<span class=\"elementor-heading-title elementor-size-default\">Popular applications: Automotive, household appliances, and transportation equipment.<\/span>\t\t\t\t<\/div>\n\t\t\t\t<\/div>\n\t\t<div class=\"elementor-element elementor-element-396aa05 e-con-full e-flex elementor-invisible e-con e-child\" data-id=\"396aa05\" data-element_type=\"container\" data-e-type=\"container\" data-settings=\"{&quot;background_background&quot;:&quot;classic&quot;,&quot;animation&quot;:&quot;fadeInUp&quot;,&quot;animation_delay&quot;:400}\">\n\t\t\t\t<div class=\"elementor-element elementor-element-8a4237d elementor-widget__width-initial elementor-widget elementor-widget-image\" data-id=\"8a4237d\" data-element_type=\"widget\" data-e-type=\"widget\" data-widget_type=\"image.default\">\n\t\t\t\t\t\t\t\t\t\t\t\t\t\t\t<img decoding=\"async\" width=\"666\" height=\"374\" src=\"https:\/\/contenedoresindustriales.com.mx\/wp-content\/uploads\/2024\/02\/Tarima-de-plastico-medida-43x43-Y-45x48-1.webp\" class=\"attachment-large size-large wp-image-52\" alt=\"tarima de plastico medidas 43x43\" srcset=\"https:\/\/contenedoresindustriales.com.mx\/wp-content\/uploads\/2024\/02\/Tarima-de-plastico-medida-43x43-Y-45x48-1.webp 666w, https:\/\/contenedoresindustriales.com.mx\/wp-content\/uploads\/2024\/02\/Tarima-de-plastico-medida-43x43-Y-45x48-1-300x168.webp 300w\" sizes=\"(max-width: 666px) 100vw, 666px\" \/>\t\t\t\t\t\t\t\t\t\t\t\t\t\t\t<\/div>\n\t\t\t\t<div class=\"elementor-element elementor-element-2be05d3 elementor-widget elementor-widget-heading\" data-id=\"2be05d3\" data-element_type=\"widget\" data-e-type=\"widget\" data-widget_type=\"heading.default\">\n\t\t\t\t\t<h4 class=\"elementor-heading-title elementor-size-default\">MEASUREMENTS 45\u201dx48\u201d INCHES<\/h4>\t\t\t\t<\/div>\n\t\t\t\t<div class=\"elementor-element elementor-element-ebc83e9 elementor-widget elementor-widget-spacer\" data-id=\"ebc83e9\" data-element_type=\"widget\" data-e-type=\"widget\" data-widget_type=\"spacer.default\">\n\t\t\t\t\t\t\t<div class=\"elementor-spacer\">\n\t\t\t<div class=\"elementor-spacer-inner\"><\/div>\n\t\t<\/div>\n\t\t\t\t\t\t<\/div>\n\t\t\t\t<div class=\"elementor-element elementor-element-487d711 elementor-widget elementor-widget-spacer\" data-id=\"487d711\" data-element_type=\"widget\" data-e-type=\"widget\" data-widget_type=\"spacer.default\">\n\t\t\t\t\t\t\t<div class=\"elementor-spacer\">\n\t\t\t<div class=\"elementor-spacer-inner\"><\/div>\n\t\t<\/div>\n\t\t\t\t\t\t<\/div>\n\t\t\t\t<div class=\"elementor-element elementor-element-1340956 elementor-widget elementor-widget-heading\" data-id=\"1340956\" data-element_type=\"widget\" data-e-type=\"widget\" data-widget_type=\"heading.default\">\n\t\t\t\t\t<span class=\"elementor-heading-title elementor-size-default\">Structural foam molded in high-density polyethylene like ours <a href=\"https:\/\/contenedoresindustriales.com.mx\/en\/contenedores-colapsables-ropak-seminuevos\/\"><b>ROPAK containers<\/b><\/a><\/span>\t\t\t\t<\/div>\n\t\t\t\t<div class=\"elementor-element elementor-element-4d31582 elementor-widget elementor-widget-heading\" data-id=\"4d31582\" data-element_type=\"widget\" data-e-type=\"widget\" data-widget_type=\"heading.default\">\n\t\t\t\t\t<span class=\"elementor-heading-title elementor-size-default\">Popular applications: Automotive, household appliances, and transportation equipment.<\/span>\t\t\t\t<\/div>\n\t\t\t\t<\/div>\n\t\t\t\t<\/div>\n\t\t\t\t<\/div>\n\t\t\t\t\t<\/div>\n\t\t\t\t<\/div>\n\t\t<div class=\"elementor-element elementor-element-57cad655 e-con-full e-flex e-con e-parent\" data-id=\"57cad655\" data-element_type=\"container\" data-e-type=\"container\" data-settings=\"{&quot;background_background&quot;:&quot;classic&quot;}\">\n\t\t<div class=\"elementor-element elementor-element-19b2c99d e-con-full e-flex e-con e-child\" data-id=\"19b2c99d\" data-element_type=\"container\" data-e-type=\"container\">\n\t\t\t\t<div class=\"elementor-element elementor-element-5b36149a elementor-widget elementor-widget-heading\" data-id=\"5b36149a\" data-element_type=\"widget\" data-e-type=\"widget\" data-widget_type=\"heading.default\">\n\t\t\t\t\t<h2 class=\"elementor-heading-title elementor-size-default\">Do you have containers that need MAINTENANCE, CLEANING OR REPAIR?<\/h2>\t\t\t\t<\/div>\n\t\t\t\t<div class=\"elementor-element elementor-element-1ed68557 elementor-widget elementor-widget-text-editor\" data-id=\"1ed68557\" data-element_type=\"widget\" data-e-type=\"widget\" data-widget_type=\"text-editor.default\">\n\t\t\t\t\t\t\t\t\t<p>We have these services for our <strong><a href=\"https:\/\/contenedoresindustriales.com.mx\/en\/contenedores-colapsables-ropak-seminuevos\/\">ROPAK Collapsible Containers<\/a>&nbsp;en Quer\u00e9taro<\/strong>, do not hesitate to contact us.<\/p>\t\t\t\t\t\t\t\t<\/div>\n\t\t\t\t<div class=\"elementor-element elementor-element-6711a9ec elementor-align-right elementor-mobile-align-center elementor-tablet-align-center elementor-widget__width-inherit elementor-widget elementor-widget-button\" data-id=\"6711a9ec\" data-element_type=\"widget\" data-e-type=\"widget\" data-widget_type=\"button.default\">\n\t\t\t\t\t\t\t\t\t\t<a class=\"elementor-button elementor-button-link elementor-size-sm elementor-animation-grow\" href=\"#elementor-action%3Aaction%3Dpopup%3Aopen%26settings%3DeyJpZCI6IjIwNyIsInRvZ2dsZSI6ZmFsc2V9\">\n\t\t\t\t\t\t<span class=\"elementor-button-content-wrapper\">\n\t\t\t\t\t\t<span class=\"elementor-button-icon\">\n\t\t\t\t<svg aria-hidden=\"true\" class=\"e-font-icon-svg e-fab-whatsapp\" viewbox=\"0 0 448 512\" xmlns=\"http:\/\/www.w3.org\/2000\/svg\"><path d=\"M380.9 97.1C339 55.1 283.2 32 223.9 32c-122.4 0-222 99.6-222 222 0 39.1 10.2 77.3 29.6 111L0 480l117.7-30.9c32.4 17.7 68.9 27 106.1 27h.1c122.3 0 224.1-99.6 224.1-222 0-59.3-25.2-115-67.1-157zm-157 341.6c-33.2 0-65.7-8.9-94-25.7l-6.7-4-69.8 18.3L72 359.2l-4.4-7c-18.5-29.4-28.2-63.3-28.2-98.2 0-101.7 82.8-184.5 184.6-184.5 49.3 0 95.6 19.2 130.4 54.1 34.8 34.9 56.2 81.2 56.1 130.5 0 101.8-84.9 184.6-186.6 184.6zm101.2-138.2c-5.5-2.8-32.8-16.2-37.9-18-5.1-1.9-8.8-2.8-12.5 2.8-3.7 5.6-14.3 18-17.6 21.8-3.2 3.7-6.5 4.2-12 1.4-32.6-16.3-54-29.1-75.5-66-5.7-9.8 5.7-9.1 16.3-30.3 1.8-3.7.9-6.9-.5-9.7-1.4-2.8-12.5-30.1-17.1-41.2-4.5-10.8-9.1-9.3-12.5-9.5-3.2-.2-6.9-.2-10.6-.2-3.7 0-9.7 1.4-14.8 6.9-5.1 5.6-19.4 19-19.4 46.3 0 27.3 19.9 53.7 22.6 57.4 2.8 3.7 39.1 59.7 94.8 83.8 35.2 15.2 49 16.5 66.6 13.9 10.7-1.6 32.8-13.4 37.4-26.4 4.6-13 4.6-24.1 3.2-26.4-1.3-2.5-5-3.9-10.5-6.6z\"><\/path><\/svg>\t\t\t<\/span>\n\t\t\t\t\t\t\t\t\t<span class=\"elementor-button-text\">Contact Now!<\/span>\n\t\t\t\t\t<\/span>\n\t\t\t\t\t<\/a>\n\t\t\t\t\t\t\t\t<\/div>\n\t\t\t\t<\/div>\n\t\t\t\t<div class=\"elementor-element elementor-element-2680a2d elementor-widget__width-initial elementor-widget-tablet__width-initial elementor-widget-mobile__width-initial elementor-widget elementor-widget-image\" data-id=\"2680a2d\" data-element_type=\"widget\" data-e-type=\"widget\" data-widget_type=\"image.default\">\n\t\t\t\t\t\t\t\t\t\t\t\t\t\t\t<img decoding=\"async\" width=\"800\" height=\"534\" src=\"https:\/\/contenedoresindustriales.com.mx\/wp-content\/uploads\/2025\/05\/JOS03991-1024x683.webp\" class=\"attachment-large size-large wp-image-1150\" alt=\"servicio de reparaci\u00f3n de contenedores ropak\" srcset=\"https:\/\/contenedoresindustriales.com.mx\/wp-content\/uploads\/2025\/05\/JOS03991-1024x683.webp 1024w, https:\/\/contenedoresindustriales.com.mx\/wp-content\/uploads\/2025\/05\/JOS03991-300x200.webp 300w, https:\/\/contenedoresindustriales.com.mx\/wp-content\/uploads\/2025\/05\/JOS03991-768x512.webp 768w, https:\/\/contenedoresindustriales.com.mx\/wp-content\/uploads\/2025\/05\/JOS03991-1536x1024.webp 1536w, https:\/\/contenedoresindustriales.com.mx\/wp-content\/uploads\/2025\/05\/JOS03991-2048x1365.webp 2048w\" sizes=\"(max-width: 800px) 100vw, 800px\" \/>\t\t\t\t\t\t\t\t\t\t\t\t\t\t\t<\/div>\n\t\t\t\t<\/div>\n\t\t\t\t<\/div>","protected":false},"excerpt":{"rendered":"<p>Tarimas de Pl\u00e1stico en Quer\u00e9taro Soluciones resistentes, ligeras y reutilizables para tu log\u00edstica industrial. Solicitar Cat\u00e1logo MEDIDAS 43\u201dx43\u201d PULGADAS Espuma estructural moldeada en polietileno de alta densidad como nuestros Contenedores ROPAK Aplicaciones populares: Automotriz, electrodom\u00e9sticos y equipos de transporte. MEDIDAS 45\u201dx48\u201d PULGADAS Espuma estructural moldeada en polietileno de alta densidad como nuestros Contenedores ROPAK Aplicaciones [&hellip;]<\/p>\n","protected":false},"author":1,"featured_media":0,"parent":0,"menu_order":0,"comment_status":"closed","ping_status":"closed","template":"","meta":{"footnotes":""},"class_list":["post-284","page","type-page","status-publish","hentry"],"_links":{"self":[{"href":"https:\/\/contenedoresindustriales.com.mx\/en\/wp-json\/wp\/v2\/pages\/284","targetHints":{"allow":["GET"]}}],"collection":[{"href":"https:\/\/contenedoresindustriales.com.mx\/en\/wp-json\/wp\/v2\/pages"}],"about":[{"href":"https:\/\/contenedoresindustriales.com.mx\/en\/wp-json\/wp\/v2\/types\/page"}],"author":[{"embeddable":true,"href":"https:\/\/contenedoresindustriales.com.mx\/en\/wp-json\/wp\/v2\/users\/1"}],"replies":[{"embeddable":true,"href":"https:\/\/contenedoresindustriales.com.mx\/en\/wp-json\/wp\/v2\/comments?post=284"}],"version-history":[{"count":7,"href":"https:\/\/contenedoresindustriales.com.mx\/en\/wp-json\/wp\/v2\/pages\/284\/revisions"}],"predecessor-version":[{"id":2429,"href":"https:\/\/contenedoresindustriales.com.mx\/en\/wp-json\/wp\/v2\/pages\/284\/revisions\/2429"}],"wp:attachment":[{"href":"https:\/\/contenedoresindustriales.com.mx\/en\/wp-json\/wp\/v2\/media?parent=284"}],"curies":[{"name":"wp","href":"https:\/\/api.w.org\/{rel}","templated":true}]}}